{"id":288,"date":"2020-03-25T22:32:57","date_gmt":"2020-03-25T22:32:57","guid":{"rendered":"https:\/\/labcentro.it\/?page_id=288"},"modified":"2020-04-15T21:46:30","modified_gmt":"2020-04-15T19:46:30","slug":"speech-space","status":"publish","type":"page","link":"https:\/\/labcentro.it\/it\/speech-space\/","title":{"rendered":"Spazio di parola"},"content":{"rendered":"<p>Viviamo un momento estremamente complicato.<span class=\"Apple-converted-space\">\u00a0<\/span>Restrizioni, chiusure e privazioni toccano tutte le persone, indistintamente: persone, professionisti della cura, insegnanti, genitori, ragazzi e studenti,<span class=\"Apple-converted-space\">\u00a0 <\/span>volontari, educatori, operatori della cura.\u00a0Sperimentiamo una potente dissonanza tra la compressione negli spazi di vita e di lavoro<span class=\"Apple-converted-space\">\u00a0 <\/span>da una parte, e dall\u2019altra, l\u2019espansione indefinita dei tempi legata alla domiciliarit\u00e0 forzosa e all\u2019isolamento, con l\u2019aggiunta del carico di lavoro familiare, di cura e di mancanza di normalit\u00e0.\u00a0Il perdurare di queste condizioni possono fare aumentare il livello di tensione interna unita al disagio e alla gravit\u00e0 reale e\/o percepita della situazione sanitaria ed economica che stiamo vivendo e che ci aspetta.<\/p>\n<p>Lo Spazio di Parola.\u00a0Uno spazio riscoprire la vicinanza dal basso, in cui confrontarsi sulle diverse dimensioni con cui viviamo il reale, per condividere l\u2019esistente e l\u2019esistenza in questo difficile periodo, per scoprire e ri-scoprire l\u2019umanit\u00e0 dell\u2019incontro con l\u2019altro.<\/p>\n<p>Partendo dall\u2019evidenza che nulla pu\u00f3 essere paragonato ad un incontro di presenza, abbiamo reso possibile la presenza di un incontro.<\/p>\n<p>Riteniamo sia molto importante specificare che:<\/p>\n<ul>\n<li>lo Spazio di Parola ha una durata massima di 30 minuti<\/li>\n<li>\u00e8 uno spazio dedicato all\u2019ascolto e al confronto umano<\/li>\n<li>NON \u00e8 uno spazio terapeutico. In caso di necessit\u00e0, sar\u00e0 condiviso un invito a contattare eventuali colleghi in grado di rispondere a tali specifici bisogni<\/li>\n<li>in quanto spazio di incontro esistenziale, \u00e8 uno spazio assolutamente gratuito: nessun costo sar\u00e0 imputato a chi lo richiede prenotandosi nel calendario, e nessun compenso sar\u00e0 percepito dei professionisti che mettono a disposizione il loro tempo e al loro disponibilit\u00e0 all\u2019incontro<\/li>\n<li>almeno in questa prima fase sperimentale, per consentire a pi\u00f9 persone di accedere a questa opportunit\u00e0, \u00e8 possibile prenotare un massimo di tre incontri<\/li>\n<\/ul>\n<p>Accedere allo Spazio di Parola \u00e8 molto semplice; \u00e8 sufficiente:<\/p>\n<ul>\n<li>cliccare il link dedicato <b>\u201cSpazio di Parola\u201d<\/b><\/li>\n<li>visionare l\u2019elenco dei colleghi che hanno aderito e conoscerne le specificit\u00e0 ai link indicati<\/li>\n<li>scegliere nei calendari a disposizione la persona con cui entrare in contatto, il giorno e l\u2019ora per incontrarsi in modalit\u00e0 remota,\u00a0utilizzando Skype, Zoom o altri strumenti VOIP<\/li>\n<li>inserire nei campi indicati la mail su cui ricevere la conferma dell\u2019incontro<\/li>\n<li>prenotarsi sul calendario online<\/li>\n<li>chi si prenota ricever\u00e0 una conferma dell\u2019appuntamento, e sar\u00e0 contattato il giorno e l\u2019orario prescelto<\/li>\n<li>al momento della prenotazione dell\u2019incontro, il collega ricever\u00e0 la notifica e sar\u00e0 sua cura contattare chi si \u00e8 prenotato il giorno e l\u2019ora indicata<\/li>\n<li>se non trovi uno spazio disponibile, scrivici, ti contatteremo noi.<\/li>\n<\/ul>\n<p>Lo spazio di parola \u00e8 uno spazio in cui condividere i propri vissuti, le proprie emozioni, per incontrare il senso pi\u00f9 profondo della vicinanza umana e dell\u2019ascolto. Vi aspettiamo.<\/p>\n<p>\n<table class=\"table table-hover\">\n    <thead>\n    <tr><th>Orario disponibili<\/th><th>Consulente<\/th><th>Prenotazione<\/th><\/tr>\n    <\/thead>\n    <tr><td><em>Luned\u00ec, 14-19<\/em><\/td><td><strong>Annamaria Frammartino<\/strong><\/td><td><a class=\"showBooking btn btn-outline-primary\" href=\"#\" data-booking=\"2\">Prenota ora!<\/a><\/td><\/tr>\n    <tr><td><em>Luned\u00ec, 14-19<\/em><\/td><td><strong>Luca Pinciaroli<\/strong><\/td><td><a class=\"showBooking btn btn-outline-primary\" href=\"#\" data-booking=\"9\">Prenota ora!<\/a><\/td><\/tr>\n    <tr><td><em>Marted\u00ec, 10-12<\/em><\/td><td><strong>Angela Salvatore<\/strong><\/td><td><a class=\"showBooking btn btn-outline-primary\" href=\"#\" data-booking=\"3\">Prenota ora!<\/a><\/td><\/tr>\n    <tr><td><em>Mercoled\u00ec, 14-17<\/em><\/td><td><strong>Giorgia Bartolini<\/strong><\/td><td><a class=\"showBooking btn btn-outline-primary\" href=\"#\" data-booking=\"4\">Prenota ora!<\/a><\/td><\/tr>\n    <tr><td><em>Mercoled\u00ec, 14-17<\/em><\/td><td><strong>Giancarlo Rossi<\/strong><\/td><td><a class=\"showBooking btn btn-outline-primary\" href=\"#\" data-booking=\"10\">Prenota ora!<\/a><\/td><\/tr>\n    <tr><td><em>Mercoled\u00ec, 15-17<\/em><\/td><td><strong>Luca Sacchi<\/strong><\/td><td><a class=\"showBooking btn btn-outline-primary\" href=\"#\" data-booking=\"8\">Prenota ora!<\/a><\/td><\/tr>\n    <tr><td><em>Gioved\u00ec, 9-11<\/em><\/td><td><strong>Claudia Guidi<\/strong><\/td><td><a class=\"showBooking btn btn-outline-primary\" href=\"#\" data-booking=\"5\">Prenota ora!<\/a><\/td><\/tr>\n    <tr><td><em>Venerd\u00ec, 10-13<\/em><\/td><td><strong>Paolo Brusa<\/strong><\/td><td><a class=\"showBooking btn btn-outline-primary\" href=\"#\" data-booking=\"1\">Prenota ora!<\/a><\/td><\/tr>\n<\/table>\n<div id=\"labc-booking-1\" class=\"labc-booking\" style=\"display: none;\">[CP_APP_HOUR_BOOKING id=\"3\"]<\/div>\n<div id=\"labc-booking-2\" class=\"labc-booking\" style=\"display: none;\">[CP_APP_HOUR_BOOKING id=\"4\"]<\/div>\n<div id=\"labc-booking-3\" class=\"labc-booking\" style=\"display: none;\">[CP_APP_HOUR_BOOKING id=\"5\"]<\/div>\n<div id=\"labc-booking-4\" class=\"labc-booking\" style=\"display: none;\">[CP_APP_HOUR_BOOKING id=\"6\"]<\/div>\n<div id=\"labc-booking-5\" class=\"labc-booking\" style=\"display: none;\">[CP_APP_HOUR_BOOKING id=\"7\"]<\/div>\n<div id=\"labc-booking-8\" class=\"labc-booking\" style=\"display: none;\">[CP_APP_HOUR_BOOKING id=\"8\"]<\/div>\n<div id=\"labc-booking-9\" class=\"labc-booking\" style=\"display: none;\">[CP_APP_HOUR_BOOKING id=\"9\"]<\/div>\n<div id=\"labc-booking-10\" class=\"labc-booking\" style=\"display: none;\">[CP_APP_HOUR_BOOKING id=\"10\"]<\/div>\n<script>\njQuery(\".showBooking\").click(function(e){\ne.preventDefault();\njQuery(\".labc-booking\").hide();\njQuery(\"#labc-booking-\" + jQuery(this).attr(\"data-booking\")).show();\n});\n<\/script><\/p>","protected":false},"excerpt":{"rendered":"<p>Viviamo un momento estremamente complicato.\u00a0Restrizioni, chiusure e privazioni toccano tutte le persone, indistintamente: persone, professionisti della cura, insegnanti, genitori, ragazzi e studenti,\u00a0 volontari, educatori, operatori della cura.\u00a0Sperimentiamo una potente dissonanza &#8230;<\/p>\n","protected":false},"author":1,"featured_media":307,"parent":0,"menu_order":0,"comment_status":"closed","ping_status":"closed","template":"","meta":{"footnotes":""},"class_list":["post-288","page","type-page","status-publish","has-post-thumbnail","hentry"],"yoast_head":"<!-- This site is optimized with the Yoast SEO plugin v27.4 - https:\/\/yoast.com\/product\/yoast-seo-wordpress\/ -->\n<title>Spazio di parola - LABC s.r.l.<\/title>\n<meta name=\"robots\" content=\"index, follow, max-snippet:-1, max-image-preview:large, max-video-preview:-1\" \/>\n<link rel=\"canonical\" href=\"https:\/\/labcentro.it\/speech-space\/\" \/>\n<meta property=\"og:locale\" content=\"it_IT\" \/>\n<meta property=\"og:type\" content=\"article\" \/>\n<meta property=\"og:title\" content=\"Spazio di parola - LABC s.r.l.\" \/>\n<meta property=\"og:description\" content=\"Viviamo un momento estremamente complicato.\u00a0Restrizioni, chiusure e privazioni toccano tutte le persone, indistintamente: persone, professionisti della cura, insegnanti, genitori, ragazzi e studenti,\u00a0 volontari, educatori, operatori della cura.\u00a0Sperimentiamo una potente dissonanza ...\" \/>\n<meta property=\"og:url\" content=\"https:\/\/labcentro.it\/it\/speech-space\/\" \/>\n<meta property=\"og:site_name\" content=\"LABC s.r.l.\" \/>\n<meta property=\"article:publisher\" content=\"https:\/\/www.facebook.com\/LABCsrl\/\" \/>\n<meta property=\"article:modified_time\" content=\"2020-04-15T19:46:30+00:00\" \/>\n<meta property=\"og:image\" content=\"https:\/\/labcentro.it\/wp-content\/uploads\/2020\/04\/202004-LABC-Spazio-di-Parola-1.png\" \/>\n\t<meta property=\"og:image:width\" content=\"901\" \/>\n\t<meta property=\"og:image:height\" content=\"895\" \/>\n\t<meta property=\"og:image:type\" content=\"image\/png\" \/>\n<meta name=\"twitter:card\" content=\"summary_large_image\" \/>\n<meta name=\"twitter:label1\" content=\"Tempo di lettura stimato\" \/>\n\t<meta name=\"twitter:data1\" content=\"5 minuti\" \/>\n<script type=\"application\/ld+json\" class=\"yoast-schema-graph\">{\"@context\":\"https:\\\/\\\/schema.org\",\"@graph\":[{\"@type\":\"WebPage\",\"@id\":\"https:\\\/\\\/labcentro.it\\\/speech-space\\\/\",\"url\":\"https:\\\/\\\/labcentro.it\\\/speech-space\\\/\",\"name\":\"[:en]Speech space[:it]Spazio di parola[:] - LABC s.r.l.\",\"isPartOf\":{\"@id\":\"https:\\\/\\\/labcentro.it\\\/#website\"},\"primaryImageOfPage\":{\"@id\":\"https:\\\/\\\/labcentro.it\\\/speech-space\\\/#primaryimage\"},\"image\":{\"@id\":\"https:\\\/\\\/labcentro.it\\\/speech-space\\\/#primaryimage\"},\"thumbnailUrl\":\"https:\\\/\\\/labcentro.it\\\/wp-content\\\/uploads\\\/2020\\\/04\\\/202004-LABC-Spazio-di-Parola-1.png\",\"datePublished\":\"2020-03-25T22:32:57+00:00\",\"dateModified\":\"2020-04-15T19:46:30+00:00\",\"breadcrumb\":{\"@id\":\"https:\\\/\\\/labcentro.it\\\/speech-space\\\/#breadcrumb\"},\"inLanguage\":\"it-IT\",\"potentialAction\":[{\"@type\":\"ReadAction\",\"target\":[\"https:\\\/\\\/labcentro.it\\\/speech-space\\\/\"]}]},{\"@type\":\"ImageObject\",\"inLanguage\":\"it-IT\",\"@id\":\"https:\\\/\\\/labcentro.it\\\/speech-space\\\/#primaryimage\",\"url\":\"https:\\\/\\\/labcentro.it\\\/wp-content\\\/uploads\\\/2020\\\/04\\\/202004-LABC-Spazio-di-Parola-1.png\",\"contentUrl\":\"https:\\\/\\\/labcentro.it\\\/wp-content\\\/uploads\\\/2020\\\/04\\\/202004-LABC-Spazio-di-Parola-1.png\",\"width\":901,\"height\":895},{\"@type\":\"BreadcrumbList\",\"@id\":\"https:\\\/\\\/labcentro.it\\\/speech-space\\\/#breadcrumb\",\"itemListElement\":[{\"@type\":\"ListItem\",\"position\":1,\"name\":\"Home\",\"item\":\"https:\\\/\\\/labcentro.it\\\/\"},{\"@type\":\"ListItem\",\"position\":2,\"name\":\"Speech space\"}]},{\"@type\":\"WebSite\",\"@id\":\"https:\\\/\\\/labcentro.it\\\/#website\",\"url\":\"https:\\\/\\\/labcentro.it\\\/\",\"name\":\"LABC s.r.l.\",\"description\":\"\",\"publisher\":{\"@id\":\"https:\\\/\\\/labcentro.it\\\/#organization\"},\"potentialAction\":[{\"@type\":\"SearchAction\",\"target\":{\"@type\":\"EntryPoint\",\"urlTemplate\":\"https:\\\/\\\/labcentro.it\\\/?s={search_term_string}\"},\"query-input\":{\"@type\":\"PropertyValueSpecification\",\"valueRequired\":true,\"valueName\":\"search_term_string\"}}],\"inLanguage\":\"it-IT\"},{\"@type\":\"Organization\",\"@id\":\"https:\\\/\\\/labcentro.it\\\/#organization\",\"name\":\"LABC srl\",\"url\":\"https:\\\/\\\/labcentro.it\\\/\",\"logo\":{\"@type\":\"ImageObject\",\"inLanguage\":\"it-IT\",\"@id\":\"https:\\\/\\\/labcentro.it\\\/#\\\/schema\\\/logo\\\/image\\\/\",\"url\":\"https:\\\/\\\/labcentro.it\\\/wp-content\\\/uploads\\\/2019\\\/09\\\/LABC-logo.png\",\"contentUrl\":\"https:\\\/\\\/labcentro.it\\\/wp-content\\\/uploads\\\/2019\\\/09\\\/LABC-logo.png\",\"width\":2127,\"height\":986,\"caption\":\"LABC srl\"},\"image\":{\"@id\":\"https:\\\/\\\/labcentro.it\\\/#\\\/schema\\\/logo\\\/image\\\/\"},\"sameAs\":[\"https:\\\/\\\/www.facebook.com\\\/LABCsrl\\\/\"]}]}<\/script>\n<!-- \/ Yoast SEO plugin. -->","yoast_head_json":{"title":"[:en]Speech space[:it]Spazio di parola[:] - LABC s.r.l.","robots":{"index":"index","follow":"follow","max-snippet":"max-snippet:-1","max-image-preview":"max-image-preview:large","max-video-preview":"max-video-preview:-1"},"canonical":"https:\/\/labcentro.it\/speech-space\/","og_locale":"it_IT","og_type":"article","og_title":"Spazio di parola - LABC s.r.l.","og_description":"Viviamo un momento estremamente complicato.\u00a0Restrizioni, chiusure e privazioni toccano tutte le persone, indistintamente: persone, professionisti della cura, insegnanti, genitori, ragazzi e studenti,\u00a0 volontari, educatori, operatori della cura.\u00a0Sperimentiamo una potente dissonanza ...","og_url":"https:\/\/labcentro.it\/it\/speech-space\/","og_site_name":"LABC s.r.l.","article_publisher":"https:\/\/www.facebook.com\/LABCsrl\/","article_modified_time":"2020-04-15T19:46:30+00:00","og_image":[{"width":901,"height":895,"url":"https:\/\/labcentro.it\/wp-content\/uploads\/2020\/04\/202004-LABC-Spazio-di-Parola-1.png","type":"image\/png"}],"twitter_card":"summary_large_image","twitter_misc":{"Tempo di lettura stimato":"5 minuti"},"schema":{"@context":"https:\/\/schema.org","@graph":[{"@type":"WebPage","@id":"https:\/\/labcentro.it\/speech-space\/","url":"https:\/\/labcentro.it\/speech-space\/","name":"[:en]Speech space[:it]Spazio di parola[:] - LABC s.r.l.","isPartOf":{"@id":"https:\/\/labcentro.it\/#website"},"primaryImageOfPage":{"@id":"https:\/\/labcentro.it\/speech-space\/#primaryimage"},"image":{"@id":"https:\/\/labcentro.it\/speech-space\/#primaryimage"},"thumbnailUrl":"https:\/\/labcentro.it\/wp-content\/uploads\/2020\/04\/202004-LABC-Spazio-di-Parola-1.png","datePublished":"2020-03-25T22:32:57+00:00","dateModified":"2020-04-15T19:46:30+00:00","breadcrumb":{"@id":"https:\/\/labcentro.it\/speech-space\/#breadcrumb"},"inLanguage":"it-IT","potentialAction":[{"@type":"ReadAction","target":["https:\/\/labcentro.it\/speech-space\/"]}]},{"@type":"ImageObject","inLanguage":"it-IT","@id":"https:\/\/labcentro.it\/speech-space\/#primaryimage","url":"https:\/\/labcentro.it\/wp-content\/uploads\/2020\/04\/202004-LABC-Spazio-di-Parola-1.png","contentUrl":"https:\/\/labcentro.it\/wp-content\/uploads\/2020\/04\/202004-LABC-Spazio-di-Parola-1.png","width":901,"height":895},{"@type":"BreadcrumbList","@id":"https:\/\/labcentro.it\/speech-space\/#breadcrumb","itemListElement":[{"@type":"ListItem","position":1,"name":"Home","item":"https:\/\/labcentro.it\/"},{"@type":"ListItem","position":2,"name":"Speech space"}]},{"@type":"WebSite","@id":"https:\/\/labcentro.it\/#website","url":"https:\/\/labcentro.it\/","name":"LABC s.r.l.","description":"","publisher":{"@id":"https:\/\/labcentro.it\/#organization"},"potentialAction":[{"@type":"SearchAction","target":{"@type":"EntryPoint","urlTemplate":"https:\/\/labcentro.it\/?s={search_term_string}"},"query-input":{"@type":"PropertyValueSpecification","valueRequired":true,"valueName":"search_term_string"}}],"inLanguage":"it-IT"},{"@type":"Organization","@id":"https:\/\/labcentro.it\/#organization","name":"LABC srl","url":"https:\/\/labcentro.it\/","logo":{"@type":"ImageObject","inLanguage":"it-IT","@id":"https:\/\/labcentro.it\/#\/schema\/logo\/image\/","url":"https:\/\/labcentro.it\/wp-content\/uploads\/2019\/09\/LABC-logo.png","contentUrl":"https:\/\/labcentro.it\/wp-content\/uploads\/2019\/09\/LABC-logo.png","width":2127,"height":986,"caption":"LABC srl"},"image":{"@id":"https:\/\/labcentro.it\/#\/schema\/logo\/image\/"},"sameAs":["https:\/\/www.facebook.com\/LABCsrl\/"]}]}},"_links":{"self":[{"href":"https:\/\/labcentro.it\/it\/wp-json\/wp\/v2\/pages\/288","targetHints":{"allow":["GET"]}}],"collection":[{"href":"https:\/\/labcentro.it\/it\/wp-json\/wp\/v2\/pages"}],"about":[{"href":"https:\/\/labcentro.it\/it\/wp-json\/wp\/v2\/types\/page"}],"author":[{"embeddable":true,"href":"https:\/\/labcentro.it\/it\/wp-json\/wp\/v2\/users\/1"}],"replies":[{"embeddable":true,"href":"https:\/\/labcentro.it\/it\/wp-json\/wp\/v2\/comments?post=288"}],"version-history":[{"count":18,"href":"https:\/\/labcentro.it\/it\/wp-json\/wp\/v2\/pages\/288\/revisions"}],"predecessor-version":[{"id":332,"href":"https:\/\/labcentro.it\/it\/wp-json\/wp\/v2\/pages\/288\/revisions\/332"}],"wp:featuredmedia":[{"embeddable":true,"href":"https:\/\/labcentro.it\/it\/wp-json\/wp\/v2\/media\/307"}],"wp:attachment":[{"href":"https:\/\/labcentro.it\/it\/wp-json\/wp\/v2\/media?parent=288"}],"curies":[{"name":"wp","href":"https:\/\/api.w.org\/{rel}","templated":true}]}}