{"id":146,"date":"2020-01-08T07:08:56","date_gmt":"2020-01-08T07:08:56","guid":{"rendered":"https:\/\/labcentro.it\/?page_id=146"},"modified":"2025-11-24T17:50:16","modified_gmt":"2025-11-24T16:50:16","slug":"supervision","status":"publish","type":"page","link":"https:\/\/labcentro.it\/it\/supervision\/","title":{"rendered":"Supervisione"},"content":{"rendered":"<p>La supervisione \u00e8 uno strumento di lavoro con l&#8217;obiettivo di esplorare ed approfondire le dimensioni emotive all&#8217;interno dei percorsi di cura in una dimensione gruppale, aprendo\u00a0nuove vie di condivisione, visione, analisi, critica e apertura a ci\u00f2 che \u00e8 altro e che c&#8217;\u00e8 di altro nella dinamica relazionale.<\/p>\n<p>La dimensione di gruppo \u00e8 funzionale a favorire percorsi di consapevolezza, sensibilizzazione e condivisione delle dinamiche sociali, professionali e personali in un processo di dialogo e inter-connessione tra l&#8217;approccio professionale e il mondo interiore di ogni individuo,\u00a0consentendo un processo di condivisione di significati, confronti, relazioni, offrendo ai partecipanti la possibilit\u00e0 di esplorare prospettive e punti di vista relativamente al \u201ccosa stia accadendo\u201d nella relazione di cura.<\/p>\n<p>I gruppi di supervisione possono essere aperti a singole \u00e9quipe, a \u00e9quipe diverse che operano nello stesso ambito o singoli operatori della cura in assetto di piccolo gruppo, di gruppo mediano e in large group. \u00c9 la stessa dimensione del gruppo a definire un meta-spazio focalizzato sulla relazione, sulle dimensioni di desiderio, sulle componenti transferali che prescindono la tipicit\u00e0 dell&#8217;utenza e dell&#8217;intervento.<\/p>\n<p>LABC si avvale di un gruppo qualificato di psicologi e psicoterapeuti senior offrendo le proprie supervisioni anche nella dimensione delle giornate di approfondimento esperienziale in assetto seminariale, sia in italiano che in inglese.<\/p>\n<p>&nbsp;<\/p>\n<p>Elenco delle supervisioni LABC:<\/p>\n<ul class=\"ul1\">\n<li class=\"li1\"><span class=\"s1\">dal 2025 \u00e9quipe multiprofessionale integrata della Comunit\u00e0 Aliseo per le dipendenze da alcool (Roletto, To)<\/span><\/li>\n<li class=\"li1\"><span class=\"s1\">dal 2025 \u00e9quipe psicoeducativa dell\u2019ambulatorio Aliseo per le dipendenze (Torino)<\/span><\/li>\n<li class=\"li1\"><span class=\"s1\">dal 2025 \u00e9quipe psico socio educativa dello sportello di ascolto in carcere, Udine<\/span><\/li>\n<li class=\"li1\"><span class=\"s1\">dal 2025 \u00e9quipe socio-educativa Educativa territoriale minori a rischio, Ivrea (To)<\/span><\/li>\n<\/ul>\n<ul class=\"ul1\">\n<li class=\"li1\"><span class=\"s1\">dal 2024 \u00e9quipe educativa Asilo Nido Aziendale s. Paolo grattacielo Torino<\/span><\/li>\n<li class=\"li1\"><span class=\"s1\">dal 2024 \u00e9quipe educativa Asilo Nido Aziendale s. Paolo sede di Moncalieri (Torino)<\/span><\/li>\n<li class=\"li1\"><span class=\"s1\">dal 2024 \u00e9quipe educativa servizio Residenziale Rifugiati psichiatrici ucraini, Druento (Torino)<\/span><\/li>\n<li class=\"li1\"><span class=\"s1\">dal 2024 \u00e9quipe educativa comunit\u00e0 residenziale disabili Borgaro (Torino)<\/span><\/li>\n<li class=\"li1\"><span class=\"s1\">2024 &gt; 2025 \u00e9quipe progetto Ri-attivazioni della Regione Valle d\u2019Aosta<\/span><\/li>\n<li class=\"li1\"><span class=\"s1\">dal 2024 \u00e9quipe volontari del progetto forzamamme della Fondazione Specchio dei tempi (Torino) <\/span><\/li>\n<li class=\"li1\"><span class=\"s1\">dal 2024 percorsi di supporto psicologico individuali e di gruppo, supporto psico-pedagogico sul tema della genitorialit\u00e0 per le donne <\/span>in carico al progetto forzamamme della Fondazione Specchio dei tempi (Torino)<\/li>\n<\/ul>\n<ul class=\"ul1\">\n<li class=\"li1\"><span class=\"s1\">dal 2023 \u00e9quipe educativa integrata di contrasto alle vittime di tratta, Udine, Caritas Friuli<\/span><\/li>\n<li class=\"li2\">dal 2023 \u00e9quipe educativa integrata del SSER di corso Racconigi (Torino)<\/li>\n<li class=\"li2\">dal 2023 \u00e9quipe educativa integrata del SSER di via Pesaro (Torino)<\/li>\n<li class=\"li2\">dal 2023 \u00e9quipe educative dei servizi di accoglienza dell\u2019 Ass. san Vincenzo de Paoli, Brescia<\/li>\n<\/ul>\n<ul class=\"ul1\">\n<li class=\"li1\"><span class=\"s1\">2022 &gt; 2025 \u00e9quipe educativa integrata del Gruppo Appartamento per disabilit\u00e0 mentale Gruppo 78 di Rovereto<\/span><\/li>\n<li class=\"li1\"><span class=\"s1\">2022 &gt; 2024 \u00e9quipe educativa e riabilitativa del Centro Diurno per adulti con disabilit\u00e0 e psichiatria<span class=\"Apple-converted-space\">\u00a0 <\/span>CAD Artemista di Torino<\/span><\/li>\n<li class=\"li1\"><span class=\"s1\">2022 &gt; 2025 \u00e9quipe del Centro di Salute Mentale di Rovereto <\/span><\/li>\n<\/ul>\n<ul class=\"ul1\">\n<li class=\"li1\"><span class=\"s1\">dal 2021 tutte le nove \u00e9quipe educative territorial del progetto SAI della Provincia di Cuneo, CIS &#8211; Cuneo<\/span><\/li>\n<li class=\"li1\"><span class=\"s1\">dal 2021 tutte le dieci \u00e9quipe educative regionali dei servizi per la grave marginalit\u00e0 e i migranti, Caritas Friuli<\/span><\/li>\n<li class=\"li1\"><span class=\"s1\">dal 2021 \u00e9quipe educativa integrata della comunit\u00e0 residenziale per minori \u201cHobbes Pianfei\u201d,<span class=\"Apple-converted-space\">\u00a0 <\/span>Cuneo <\/span><\/li>\n<li class=\"li1\"><span class=\"s1\">dal 2021 \u00e9quipe educativa integrata progetto sostegno al reddito e all&#8217;inclusione socio-lavorativa REI,<span class=\"Apple-converted-space\">\u00a0 <\/span>Orbassano (TO)<\/span><\/li>\n<li class=\"li1\"><span class=\"s1\">2021 &gt; 2024 tutte le sette \u00e9quipe dei servizi sanitari, socio-educativi e riabilitativi rivolti alla disabilit\u00e0 e all\u2019autismo, Domus c.s. Biella (con ECM) <\/span><\/li>\n<li class=\"li1\"><span class=\"s1\">dal 2021 \u00e9quipe educativa integrata Comunit\u00e0 del Gruppo Appartamento \u201cVenchi Unica \u201c di Torino<\/span><\/li>\n<\/ul>\n<ul>\n<li class=\"p1\">2020&gt;2021 \u00e9quipe Area Inclusione Sociale del Comune di Rovereto (con ECM)<\/li>\n<li class=\"p1\">2020&gt; 2021 \u00e9quipe didattica ed operativa dell&#8217;asilo Allende del Comune di Grugliasco (To)<\/li>\n<li class=\"p1\">dal 2020 \u00e9quipe educativa integrata delle comunit\u00e0 residenziali per minori \u201cStella Polaris\u201d &amp; \u201cAlfa apodis\u201d, Torino<\/li>\n<li class=\"p2\"><span class=\"s1\"> 2020 &gt; 2022 \u00e9quipe educativa integrata della comunit\u00e0 residenziale per disabilit\u00e0 fisica e mentale \u201cVenchiUnica\u201d, Torino<\/span><\/li>\n<li class=\"p2\"><span class=\"s1\">2020 &gt; 2022 \u00e9quipe educativa integrata del servizio di educativa territoriale per minori a rischio \u201cPatatrak\u201d, Chivasso (Torino)<\/span><\/li>\n<li class=\"p2\"><span class=\"s1\">2020 \u00e9quipe educativa integrata del servizio di educativa territoriale per minori a rischio e disabili del Comune di Mondov\u00ec (Cuneo)<\/span><\/li>\n<\/ul>\n<ul class=\"ul1\">\n<li class=\"li3\"><span class=\"s1\">2020 &gt; 2021 \u00e9quipe educativa integrata di educativa territoriale per minori a rischio e disabili del Comune di Ceva (Cuneo)<\/span><\/li>\n<li class=\"li3\"><span class=\"s1\">2020 &gt; 2024 \u00e9quipe educativa integrata di contrasto alle dipendenze CAN GO (Torino)<\/span><\/li>\n<\/ul>\n<ul>\n<li>2020 &gt; 2023 educativa territoriale minori e adulti con disabilit\u00e0, Domus c.s. Biella<\/li>\n<li>dal 2019\u00a0 \u00e9quipe multidisciplinare del Centro Antiviolenza \u201cNon sei sola\u201d, Biella<\/li>\n<li>2019 &gt; 2023 supporto educativo e centro diurno per minori con disabilit\u00e0 a Mondov\u00ec (Torino)<\/li>\n<\/ul>\n<p><\/p>","protected":false},"excerpt":{"rendered":"<p>La supervisione \u00e8 uno strumento di lavoro con l&#8217;obiettivo di esplorare ed approfondire le dimensioni emotive all&#8217;interno dei percorsi di cura in una dimensione gruppale, aprendo\u00a0nuove vie di condivisione, visione, &#8230;<\/p>\n","protected":false},"author":1,"featured_media":401,"parent":0,"menu_order":0,"comment_status":"closed","ping_status":"closed","template":"template-fullwidth.php","meta":{"footnotes":""},"class_list":["post-146","page","type-page","status-publish","has-post-thumbnail","hentry"],"yoast_head":"<!-- This site is optimized with the Yoast SEO plugin v27.3 - https:\/\/yoast.com\/product\/yoast-seo-wordpress\/ -->\n<title>Supervisione - LABC s.r.l.<\/title>\n<meta name=\"description\" content=\"The supervision aims to explore the visions, analysis, path of awareness-raising concerning social, professionals and personal dynamics by opening to the process of connection between the professional approach and the inner world of each individual.\" \/>\n<meta name=\"robots\" content=\"index, follow, max-snippet:-1, max-image-preview:large, max-video-preview:-1\" \/>\n<link rel=\"canonical\" href=\"https:\/\/labcentro.it\/supervision\/\" \/>\n<meta property=\"og:locale\" content=\"it_IT\" \/>\n<meta property=\"og:type\" content=\"article\" \/>\n<meta property=\"og:title\" content=\"Supervisione - LABC s.r.l.\" \/>\n<meta property=\"og:description\" content=\"The supervision aims to explore the visions, analysis, path of awareness-raising concerning social, professionals and personal dynamics by opening to the process of connection between the professional approach and the inner world of each individual.\" \/>\n<meta property=\"og:url\" content=\"https:\/\/labcentro.it\/it\/supervision\/\" \/>\n<meta property=\"og:site_name\" content=\"LABC s.r.l.\" \/>\n<meta property=\"article:publisher\" content=\"https:\/\/www.facebook.com\/LABCsrl\/\" \/>\n<meta property=\"article:modified_time\" content=\"2025-11-24T16:50:16+00:00\" \/>\n<meta property=\"og:image\" content=\"https:\/\/labcentro.it\/wp-content\/uploads\/2021\/01\/bg-supervision.jpeg\" \/>\n\t<meta property=\"og:image:width\" content=\"1600\" \/>\n\t<meta property=\"og:image:height\" content=\"434\" \/>\n\t<meta property=\"og:image:type\" content=\"image\/jpeg\" \/>\n<meta name=\"twitter:card\" content=\"summary_large_image\" \/>\n<meta name=\"twitter:label1\" content=\"Tempo di lettura stimato\" \/>\n\t<meta name=\"twitter:data1\" content=\"4 minuti\" \/>\n<script type=\"application\/ld+json\" class=\"yoast-schema-graph\">{\"@context\":\"https:\\\/\\\/schema.org\",\"@graph\":[{\"@type\":\"WebPage\",\"@id\":\"https:\\\/\\\/labcentro.it\\\/supervision\\\/\",\"url\":\"https:\\\/\\\/labcentro.it\\\/supervision\\\/\",\"name\":\"[:en]Supervision[:it]Supervisione[:] - LABC s.r.l.\",\"isPartOf\":{\"@id\":\"https:\\\/\\\/labcentro.it\\\/#website\"},\"primaryImageOfPage\":{\"@id\":\"https:\\\/\\\/labcentro.it\\\/supervision\\\/#primaryimage\"},\"image\":{\"@id\":\"https:\\\/\\\/labcentro.it\\\/supervision\\\/#primaryimage\"},\"thumbnailUrl\":\"https:\\\/\\\/labcentro.it\\\/wp-content\\\/uploads\\\/2021\\\/01\\\/bg-supervision.jpeg\",\"datePublished\":\"2020-01-08T07:08:56+00:00\",\"dateModified\":\"2025-11-24T16:50:16+00:00\",\"description\":\"The supervision aims to explore the visions, analysis, path of awareness-raising concerning social, professionals and personal dynamics by opening to the process of connection between the professional approach and the inner world of each individual.\",\"breadcrumb\":{\"@id\":\"https:\\\/\\\/labcentro.it\\\/supervision\\\/#breadcrumb\"},\"inLanguage\":\"it-IT\",\"potentialAction\":[{\"@type\":\"ReadAction\",\"target\":[\"https:\\\/\\\/labcentro.it\\\/supervision\\\/\"]}]},{\"@type\":\"ImageObject\",\"inLanguage\":\"it-IT\",\"@id\":\"https:\\\/\\\/labcentro.it\\\/supervision\\\/#primaryimage\",\"url\":\"https:\\\/\\\/labcentro.it\\\/wp-content\\\/uploads\\\/2021\\\/01\\\/bg-supervision.jpeg\",\"contentUrl\":\"https:\\\/\\\/labcentro.it\\\/wp-content\\\/uploads\\\/2021\\\/01\\\/bg-supervision.jpeg\",\"width\":1600,\"height\":434},{\"@type\":\"BreadcrumbList\",\"@id\":\"https:\\\/\\\/labcentro.it\\\/supervision\\\/#breadcrumb\",\"itemListElement\":[{\"@type\":\"ListItem\",\"position\":1,\"name\":\"Home\",\"item\":\"https:\\\/\\\/labcentro.it\\\/\"},{\"@type\":\"ListItem\",\"position\":2,\"name\":\"Supervisione\"}]},{\"@type\":\"WebSite\",\"@id\":\"https:\\\/\\\/labcentro.it\\\/#website\",\"url\":\"https:\\\/\\\/labcentro.it\\\/\",\"name\":\"LABC s.r.l.\",\"description\":\"\",\"publisher\":{\"@id\":\"https:\\\/\\\/labcentro.it\\\/#organization\"},\"potentialAction\":[{\"@type\":\"SearchAction\",\"target\":{\"@type\":\"EntryPoint\",\"urlTemplate\":\"https:\\\/\\\/labcentro.it\\\/?s={search_term_string}\"},\"query-input\":{\"@type\":\"PropertyValueSpecification\",\"valueRequired\":true,\"valueName\":\"search_term_string\"}}],\"inLanguage\":\"it-IT\"},{\"@type\":\"Organization\",\"@id\":\"https:\\\/\\\/labcentro.it\\\/#organization\",\"name\":\"LABC srl\",\"url\":\"https:\\\/\\\/labcentro.it\\\/\",\"logo\":{\"@type\":\"ImageObject\",\"inLanguage\":\"it-IT\",\"@id\":\"https:\\\/\\\/labcentro.it\\\/#\\\/schema\\\/logo\\\/image\\\/\",\"url\":\"https:\\\/\\\/labcentro.it\\\/wp-content\\\/uploads\\\/2019\\\/09\\\/LABC-logo.png\",\"contentUrl\":\"https:\\\/\\\/labcentro.it\\\/wp-content\\\/uploads\\\/2019\\\/09\\\/LABC-logo.png\",\"width\":2127,\"height\":986,\"caption\":\"LABC srl\"},\"image\":{\"@id\":\"https:\\\/\\\/labcentro.it\\\/#\\\/schema\\\/logo\\\/image\\\/\"},\"sameAs\":[\"https:\\\/\\\/www.facebook.com\\\/LABCsrl\\\/\"]}]}<\/script>\n<!-- \/ Yoast SEO plugin. -->","yoast_head_json":{"title":"[:en]Supervision[:it]Supervisione[:] - LABC s.r.l.","description":"The supervision aims to explore the visions, analysis, path of awareness-raising concerning social, professionals and personal dynamics by opening to the process of connection between the professional approach and the inner world of each individual.","robots":{"index":"index","follow":"follow","max-snippet":"max-snippet:-1","max-image-preview":"max-image-preview:large","max-video-preview":"max-video-preview:-1"},"canonical":"https:\/\/labcentro.it\/supervision\/","og_locale":"it_IT","og_type":"article","og_title":"Supervisione - LABC s.r.l.","og_description":"The supervision aims to explore the visions, analysis, path of awareness-raising concerning social, professionals and personal dynamics by opening to the process of connection between the professional approach and the inner world of each individual.","og_url":"https:\/\/labcentro.it\/it\/supervision\/","og_site_name":"LABC s.r.l.","article_publisher":"https:\/\/www.facebook.com\/LABCsrl\/","article_modified_time":"2025-11-24T16:50:16+00:00","og_image":[{"width":1600,"height":434,"url":"https:\/\/labcentro.it\/wp-content\/uploads\/2021\/01\/bg-supervision.jpeg","type":"image\/jpeg"}],"twitter_card":"summary_large_image","twitter_misc":{"Tempo di lettura stimato":"4 minuti"},"schema":{"@context":"https:\/\/schema.org","@graph":[{"@type":"WebPage","@id":"https:\/\/labcentro.it\/supervision\/","url":"https:\/\/labcentro.it\/supervision\/","name":"[:en]Supervision[:it]Supervisione[:] - LABC s.r.l.","isPartOf":{"@id":"https:\/\/labcentro.it\/#website"},"primaryImageOfPage":{"@id":"https:\/\/labcentro.it\/supervision\/#primaryimage"},"image":{"@id":"https:\/\/labcentro.it\/supervision\/#primaryimage"},"thumbnailUrl":"https:\/\/labcentro.it\/wp-content\/uploads\/2021\/01\/bg-supervision.jpeg","datePublished":"2020-01-08T07:08:56+00:00","dateModified":"2025-11-24T16:50:16+00:00","description":"The supervision aims to explore the visions, analysis, path of awareness-raising concerning social, professionals and personal dynamics by opening to the process of connection between the professional approach and the inner world of each individual.","breadcrumb":{"@id":"https:\/\/labcentro.it\/supervision\/#breadcrumb"},"inLanguage":"it-IT","potentialAction":[{"@type":"ReadAction","target":["https:\/\/labcentro.it\/supervision\/"]}]},{"@type":"ImageObject","inLanguage":"it-IT","@id":"https:\/\/labcentro.it\/supervision\/#primaryimage","url":"https:\/\/labcentro.it\/wp-content\/uploads\/2021\/01\/bg-supervision.jpeg","contentUrl":"https:\/\/labcentro.it\/wp-content\/uploads\/2021\/01\/bg-supervision.jpeg","width":1600,"height":434},{"@type":"BreadcrumbList","@id":"https:\/\/labcentro.it\/supervision\/#breadcrumb","itemListElement":[{"@type":"ListItem","position":1,"name":"Home","item":"https:\/\/labcentro.it\/"},{"@type":"ListItem","position":2,"name":"Supervisione"}]},{"@type":"WebSite","@id":"https:\/\/labcentro.it\/#website","url":"https:\/\/labcentro.it\/","name":"LABC s.r.l.","description":"","publisher":{"@id":"https:\/\/labcentro.it\/#organization"},"potentialAction":[{"@type":"SearchAction","target":{"@type":"EntryPoint","urlTemplate":"https:\/\/labcentro.it\/?s={search_term_string}"},"query-input":{"@type":"PropertyValueSpecification","valueRequired":true,"valueName":"search_term_string"}}],"inLanguage":"it-IT"},{"@type":"Organization","@id":"https:\/\/labcentro.it\/#organization","name":"LABC srl","url":"https:\/\/labcentro.it\/","logo":{"@type":"ImageObject","inLanguage":"it-IT","@id":"https:\/\/labcentro.it\/#\/schema\/logo\/image\/","url":"https:\/\/labcentro.it\/wp-content\/uploads\/2019\/09\/LABC-logo.png","contentUrl":"https:\/\/labcentro.it\/wp-content\/uploads\/2019\/09\/LABC-logo.png","width":2127,"height":986,"caption":"LABC srl"},"image":{"@id":"https:\/\/labcentro.it\/#\/schema\/logo\/image\/"},"sameAs":["https:\/\/www.facebook.com\/LABCsrl\/"]}]}},"_links":{"self":[{"href":"https:\/\/labcentro.it\/it\/wp-json\/wp\/v2\/pages\/146","targetHints":{"allow":["GET"]}}],"collection":[{"href":"https:\/\/labcentro.it\/it\/wp-json\/wp\/v2\/pages"}],"about":[{"href":"https:\/\/labcentro.it\/it\/wp-json\/wp\/v2\/types\/page"}],"author":[{"embeddable":true,"href":"https:\/\/labcentro.it\/it\/wp-json\/wp\/v2\/users\/1"}],"replies":[{"embeddable":true,"href":"https:\/\/labcentro.it\/it\/wp-json\/wp\/v2\/comments?post=146"}],"version-history":[{"count":9,"href":"https:\/\/labcentro.it\/it\/wp-json\/wp\/v2\/pages\/146\/revisions"}],"predecessor-version":[{"id":820,"href":"https:\/\/labcentro.it\/it\/wp-json\/wp\/v2\/pages\/146\/revisions\/820"}],"wp:featuredmedia":[{"embeddable":true,"href":"https:\/\/labcentro.it\/it\/wp-json\/wp\/v2\/media\/401"}],"wp:attachment":[{"href":"https:\/\/labcentro.it\/it\/wp-json\/wp\/v2\/media?parent=146"}],"curies":[{"name":"wp","href":"https:\/\/api.w.org\/{rel}","templated":true}]}}